{"id":8645,"date":"2019-03-12T17:03:15","date_gmt":"2019-03-12T17:03:15","guid":{"rendered":"https:\/\/nueva.travelbuddiesperu.com\/destino\/"},"modified":"2025-01-21T02:33:49","modified_gmt":"2025-01-21T02:33:49","slug":"destino","status":"publish","type":"page","link":"https:\/\/travelbuddiesperu.com\/es\/destino\/","title":{"rendered":"Destino"},"content":{"rendered":"\t\t<div data-elementor-type=\"wp-page\" data-elementor-id=\"8645\" class=\"elementor elementor-8645 elementor-868\" data-elementor-post-type=\"page\">\n\t\t\t\t<div class=\"elementor-element elementor-element-3018e82 e-con-full e-flex e-con e-parent\" data-id=\"3018e82\" data-element_type=\"container\" data-e-type=\"container\" data-settings=\"{&quot;background_background&quot;:&quot;classic&quot;}\">\n\t\t\t\t<div class=\"elementor-element elementor-element-bb53d6b elementor-widget elementor-widget-heading\" data-id=\"bb53d6b\" data-element_type=\"widget\" data-e-type=\"widget\" data-widget_type=\"heading.default\">\n\t\t\t\t<div class=\"elementor-widget-container\">\n\t\t\t\t\t<h1 class=\"elementor-heading-title elementor-size-default\">DESTINOS PER\u00da  <\/h1>\t\t\t\t<\/div>\n\t\t\t\t<\/div>\n\t\t\t\t<\/div>\n\t\t<div class=\"elementor-element elementor-element-357a872 e-flex e-con-boxed e-con e-parent\" data-id=\"357a872\" data-element_type=\"container\" data-e-type=\"container\">\n\t\t\t\t\t<div class=\"e-con-inner\">\n\t\t<div class=\"elementor-element elementor-element-51d2a31 e-con-full e-flex e-con e-child\" data-id=\"51d2a31\" data-element_type=\"container\" data-e-type=\"container\">\n\t\t\t\t<div class=\"elementor-element elementor-element-1a0dbcf elementor-widget elementor-widget-heading\" data-id=\"1a0dbcf\" data-element_type=\"widget\" data-e-type=\"widget\" data-widget_type=\"heading.default\">\n\t\t\t\t<div class=\"elementor-widget-container\">\n\t\t\t\t\t<h2 class=\"elementor-heading-title elementor-size-default\">Cusco<\/h2>\t\t\t\t<\/div>\n\t\t\t\t<\/div>\n\t\t\t\t<div class=\"elementor-element elementor-element-3edd4ae elementor-widget elementor-widget-button\" data-id=\"3edd4ae\" data-element_type=\"widget\" data-e-type=\"widget\" data-widget_type=\"button.default\">\n\t\t\t\t<div class=\"elementor-widget-container\">\n\t\t\t\t\t\t\t\t\t<div class=\"elementor-button-wrapper\">\n\t\t\t\t\t<a class=\"elementor-button elementor-button-link elementor-size-sm\" href=\"https:\/\/travelbuddiesperu.com\/destination\/cusco\/\">\n\t\t\t\t\t\t<span class=\"elementor-button-content-wrapper\">\n\t\t\t\t\t\t\t\t\t<span class=\"elementor-button-text\">Ver Destino<\/span>\n\t\t\t\t\t<\/span>\n\t\t\t\t\t<\/a>\n\t\t\t\t<\/div>\n\t\t\t\t\t\t\t\t<\/div>\n\t\t\t\t<\/div>\n\t\t\t\t<\/div>\n\t\t<div class=\"elementor-element elementor-element-91f1cb6 e-con-full e-flex e-con e-child\" data-id=\"91f1cb6\" data-element_type=\"container\" data-e-type=\"container\">\n\t\t\t\t<div class=\"elementor-element elementor-element-b314fc3 elementor-widget elementor-widget-heading\" data-id=\"b314fc3\" data-element_type=\"widget\" data-e-type=\"widget\" data-widget_type=\"heading.default\">\n\t\t\t\t<div class=\"elementor-widget-container\">\n\t\t\t\t\t<h2 class=\"elementor-heading-title elementor-size-default\">Machu Picchu<\/h2>\t\t\t\t<\/div>\n\t\t\t\t<\/div>\n\t\t\t\t<div class=\"elementor-element elementor-element-7f55e50 elementor-widget elementor-widget-button\" data-id=\"7f55e50\" data-element_type=\"widget\" data-e-type=\"widget\" data-widget_type=\"button.default\">\n\t\t\t\t<div class=\"elementor-widget-container\">\n\t\t\t\t\t\t\t\t\t<div class=\"elementor-button-wrapper\">\n\t\t\t\t\t<a class=\"elementor-button elementor-button-link elementor-size-sm\" href=\"https:\/\/travelbuddiesperu.com\/destination\/cusco\/\">\n\t\t\t\t\t\t<span class=\"elementor-button-content-wrapper\">\n\t\t\t\t\t\t\t\t\t<span class=\"elementor-button-text\">Ver Destino<\/span>\n\t\t\t\t\t<\/span>\n\t\t\t\t\t<\/a>\n\t\t\t\t<\/div>\n\t\t\t\t\t\t\t\t<\/div>\n\t\t\t\t<\/div>\n\t\t\t\t<\/div>\n\t\t<div class=\"elementor-element elementor-element-2523543 e-con-full e-flex e-con e-child\" data-id=\"2523543\" data-element_type=\"container\" data-e-type=\"container\">\n\t\t\t\t<div class=\"elementor-element elementor-element-e6fa977 elementor-widget elementor-widget-heading\" data-id=\"e6fa977\" data-element_type=\"widget\" data-e-type=\"widget\" data-widget_type=\"heading.default\">\n\t\t\t\t<div class=\"elementor-widget-container\">\n\t\t\t\t\t<h2 class=\"elementor-heading-title elementor-size-default\">Huacachina y Ballestas<\/h2>\t\t\t\t<\/div>\n\t\t\t\t<\/div>\n\t\t\t\t<div class=\"elementor-element elementor-element-450bab0 elementor-widget elementor-widget-button\" data-id=\"450bab0\" data-element_type=\"widget\" data-e-type=\"widget\" data-widget_type=\"button.default\">\n\t\t\t\t<div class=\"elementor-widget-container\">\n\t\t\t\t\t\t\t\t\t<div class=\"elementor-button-wrapper\">\n\t\t\t\t\t<a class=\"elementor-button elementor-button-link elementor-size-sm\" href=\"https:\/\/travelbuddiesperu.com\/destination\/huacachina-ballestas-nazca\/\">\n\t\t\t\t\t\t<span class=\"elementor-button-content-wrapper\">\n\t\t\t\t\t\t\t\t\t<span class=\"elementor-button-text\">Ver Destino<\/span>\n\t\t\t\t\t<\/span>\n\t\t\t\t\t<\/a>\n\t\t\t\t<\/div>\n\t\t\t\t\t\t\t\t<\/div>\n\t\t\t\t<\/div>\n\t\t\t\t<\/div>\n\t\t\t\t\t<\/div>\n\t\t\t\t<\/div>\n\t\t<div class=\"elementor-element elementor-element-8321f98 e-flex e-con-boxed e-con e-parent\" data-id=\"8321f98\" data-element_type=\"container\" data-e-type=\"container\">\n\t\t\t\t\t<div class=\"e-con-inner\">\n\t\t<div class=\"elementor-element elementor-element-2d04b95 e-con-full e-flex e-con e-child\" data-id=\"2d04b95\" data-element_type=\"container\" data-e-type=\"container\">\n\t\t\t\t<div class=\"elementor-element elementor-element-5592c3f elementor-widget elementor-widget-heading\" data-id=\"5592c3f\" data-element_type=\"widget\" data-e-type=\"widget\" data-widget_type=\"heading.default\">\n\t\t\t\t<div class=\"elementor-widget-container\">\n\t\t\t\t\t<h2 class=\"elementor-heading-title elementor-size-default\">L\u00edneas de Nazca<\/h2>\t\t\t\t<\/div>\n\t\t\t\t<\/div>\n\t\t\t\t<div class=\"elementor-element elementor-element-9db40bc elementor-widget elementor-widget-button\" data-id=\"9db40bc\" data-element_type=\"widget\" data-e-type=\"widget\" data-widget_type=\"button.default\">\n\t\t\t\t<div class=\"elementor-widget-container\">\n\t\t\t\t\t\t\t\t\t<div class=\"elementor-button-wrapper\">\n\t\t\t\t\t<a class=\"elementor-button elementor-button-link elementor-size-sm\" href=\"https:\/\/travelbuddiesperu.com\/destination\/huacachina-ballestas-nazca\/\">\n\t\t\t\t\t\t<span class=\"elementor-button-content-wrapper\">\n\t\t\t\t\t\t\t\t\t<span class=\"elementor-button-text\">Ver Destino<\/span>\n\t\t\t\t\t<\/span>\n\t\t\t\t\t<\/a>\n\t\t\t\t<\/div>\n\t\t\t\t\t\t\t\t<\/div>\n\t\t\t\t<\/div>\n\t\t\t\t<\/div>\n\t\t<div class=\"elementor-element elementor-element-d0c1f63 e-con-full e-flex e-con e-child\" data-id=\"d0c1f63\" data-element_type=\"container\" data-e-type=\"container\">\n\t\t\t\t<div class=\"elementor-element elementor-element-bfc0efe elementor-widget elementor-widget-heading\" data-id=\"bfc0efe\" data-element_type=\"widget\" data-e-type=\"widget\" data-widget_type=\"heading.default\">\n\t\t\t\t<div class=\"elementor-widget-container\">\n\t\t\t\t\t<h2 class=\"elementor-heading-title elementor-size-default\">Lima<\/h2>\t\t\t\t<\/div>\n\t\t\t\t<\/div>\n\t\t\t\t<div class=\"elementor-element elementor-element-80bc83d elementor-widget elementor-widget-button\" data-id=\"80bc83d\" data-element_type=\"widget\" data-e-type=\"widget\" data-widget_type=\"button.default\">\n\t\t\t\t<div class=\"elementor-widget-container\">\n\t\t\t\t\t\t\t\t\t<div class=\"elementor-button-wrapper\">\n\t\t\t\t\t<a class=\"elementor-button elementor-button-link elementor-size-sm\" href=\"https:\/\/travelbuddiesperu.com\/es\/?page_id=8247\">\n\t\t\t\t\t\t<span class=\"elementor-button-content-wrapper\">\n\t\t\t\t\t\t\t\t\t<span class=\"elementor-button-text\">Ver Destino<\/span>\n\t\t\t\t\t<\/span>\n\t\t\t\t\t<\/a>\n\t\t\t\t<\/div>\n\t\t\t\t\t\t\t\t<\/div>\n\t\t\t\t<\/div>\n\t\t\t\t<\/div>\n\t\t<div class=\"elementor-element elementor-element-ca3293e e-con-full e-flex e-con e-child\" data-id=\"ca3293e\" data-element_type=\"container\" data-e-type=\"container\">\n\t\t\t\t<div class=\"elementor-element elementor-element-2f1d3ac elementor-widget elementor-widget-heading\" data-id=\"2f1d3ac\" data-element_type=\"widget\" data-e-type=\"widget\" data-widget_type=\"heading.default\">\n\t\t\t\t<div class=\"elementor-widget-container\">\n\t\t\t\t\t<h2 class=\"elementor-heading-title elementor-size-default\">Puerto Maldonado<\/h2>\t\t\t\t<\/div>\n\t\t\t\t<\/div>\n\t\t\t\t<div class=\"elementor-element elementor-element-c79abc4 elementor-widget elementor-widget-button\" data-id=\"c79abc4\" data-element_type=\"widget\" data-e-type=\"widget\" data-widget_type=\"button.default\">\n\t\t\t\t<div class=\"elementor-widget-container\">\n\t\t\t\t\t\t\t\t\t<div class=\"elementor-button-wrapper\">\n\t\t\t\t\t<a class=\"elementor-button elementor-button-link elementor-size-sm\" href=\"https:\/\/travelbuddiesperu.com\/destination\/puerto-maldonado\/\">\n\t\t\t\t\t\t<span class=\"elementor-button-content-wrapper\">\n\t\t\t\t\t\t\t\t\t<span class=\"elementor-button-text\">Ver Destino<\/span>\n\t\t\t\t\t<\/span>\n\t\t\t\t\t<\/a>\n\t\t\t\t<\/div>\n\t\t\t\t\t\t\t\t<\/div>\n\t\t\t\t<\/div>\n\t\t\t\t<\/div>\n\t\t\t\t\t<\/div>\n\t\t\t\t<\/div>\n\t\t\t\t<\/div>\n\t\t","protected":false},"excerpt":{"rendered":"<p>DESTINOS PER\u00da Cusco Ver Destino Machu Picchu Ver Destino Huacachina y Ballestas Ver Destino L\u00edneas de Nazca Ver Destino Lima Ver Destino Puerto Maldonado Ver Destino<\/p>\n","protected":false},"author":1,"featured_media":8442,"parent":0,"menu_order":0,"comment_status":"closed","ping_status":"closed","template":"elementor_header_footer","meta":{"_acf_changed":false,"content-type":"","footnotes":""},"class_list":["post-8645","page","type-page","status-publish","has-post-thumbnail","hentry"],"acf":[],"yoast_head":"<!-- This site is optimized with the Yoast SEO plugin v27.4 - https:\/\/yoast.com\/product\/yoast-seo-wordpress\/ -->\n<title>Destino - Travel Buddies Per\u00fa<\/title>\n<meta name=\"robots\" content=\"index, follow, max-snippet:-1, max-image-preview:large, max-video-preview:-1\" \/>\n<link rel=\"canonical\" href=\"https:\/\/travelbuddiesperu.com\/es\/destino\/\" \/>\n<meta property=\"og:locale\" content=\"es_ES\" \/>\n<meta property=\"og:type\" content=\"article\" \/>\n<meta property=\"og:title\" content=\"Destino - Travel Buddies Per\u00fa\" \/>\n<meta property=\"og:description\" content=\"DESTINOS PER\u00da Cusco Ver Destino Machu Picchu Ver Destino Huacachina y Ballestas Ver Destino L\u00edneas de Nazca Ver Destino Lima Ver Destino Puerto Maldonado Ver Destino\" \/>\n<meta property=\"og:url\" content=\"https:\/\/travelbuddiesperu.com\/es\/destino\/\" \/>\n<meta property=\"og:site_name\" content=\"Travel Buddies Per\u00fa\" \/>\n<meta property=\"article:modified_time\" content=\"2025-01-21T02:33:49+00:00\" \/>\n<meta property=\"og:image\" content=\"https:\/\/travelbuddiesperu.com\/wp-content\/uploads\/2025\/01\/Copia-de-TB-cusco24-89.webp\" \/>\n\t<meta property=\"og:image:width\" content=\"2048\" \/>\n\t<meta property=\"og:image:height\" content=\"1365\" \/>\n\t<meta property=\"og:image:type\" content=\"image\/webp\" \/>\n<meta name=\"twitter:card\" content=\"summary_large_image\" \/>\n<script type=\"application\/ld+json\" class=\"yoast-schema-graph\">{\"@context\":\"https:\\\/\\\/schema.org\",\"@graph\":[{\"@type\":\"WebPage\",\"@id\":\"https:\\\/\\\/travelbuddiesperu.com\\\/es\\\/destino\\\/\",\"url\":\"https:\\\/\\\/travelbuddiesperu.com\\\/es\\\/destino\\\/\",\"name\":\"Destino - Travel Buddies Per\u00fa\",\"isPartOf\":{\"@id\":\"https:\\\/\\\/travelbuddiesperu.com\\\/es\\\/#website\"},\"primaryImageOfPage\":{\"@id\":\"https:\\\/\\\/travelbuddiesperu.com\\\/es\\\/destino\\\/#primaryimage\"},\"image\":{\"@id\":\"https:\\\/\\\/travelbuddiesperu.com\\\/es\\\/destino\\\/#primaryimage\"},\"thumbnailUrl\":\"https:\\\/\\\/travelbuddiesperu.com\\\/wp-content\\\/uploads\\\/2025\\\/01\\\/Copia-de-TB-cusco24-89.webp\",\"datePublished\":\"2019-03-12T17:03:15+00:00\",\"dateModified\":\"2025-01-21T02:33:49+00:00\",\"breadcrumb\":{\"@id\":\"https:\\\/\\\/travelbuddiesperu.com\\\/es\\\/destino\\\/#breadcrumb\"},\"inLanguage\":\"es\",\"potentialAction\":[{\"@type\":\"ReadAction\",\"target\":[\"https:\\\/\\\/travelbuddiesperu.com\\\/es\\\/destino\\\/\"]}]},{\"@type\":\"ImageObject\",\"inLanguage\":\"es\",\"@id\":\"https:\\\/\\\/travelbuddiesperu.com\\\/es\\\/destino\\\/#primaryimage\",\"url\":\"https:\\\/\\\/travelbuddiesperu.com\\\/wp-content\\\/uploads\\\/2025\\\/01\\\/Copia-de-TB-cusco24-89.webp\",\"contentUrl\":\"https:\\\/\\\/travelbuddiesperu.com\\\/wp-content\\\/uploads\\\/2025\\\/01\\\/Copia-de-TB-cusco24-89.webp\",\"width\":2048,\"height\":1365},{\"@type\":\"BreadcrumbList\",\"@id\":\"https:\\\/\\\/travelbuddiesperu.com\\\/es\\\/destino\\\/#breadcrumb\",\"itemListElement\":[{\"@type\":\"ListItem\",\"position\":1,\"name\":\"Home\",\"item\":\"https:\\\/\\\/travelbuddiesperu.com\\\/es\\\/\"},{\"@type\":\"ListItem\",\"position\":2,\"name\":\"Destino\"}]},{\"@type\":\"WebSite\",\"@id\":\"https:\\\/\\\/travelbuddiesperu.com\\\/es\\\/#website\",\"url\":\"https:\\\/\\\/travelbuddiesperu.com\\\/es\\\/\",\"name\":\"Travel Buddies Per\u00fa\",\"description\":\"travelbuddiesperu.com\",\"potentialAction\":[{\"@type\":\"SearchAction\",\"target\":{\"@type\":\"EntryPoint\",\"urlTemplate\":\"https:\\\/\\\/travelbuddiesperu.com\\\/es\\\/?s={search_term_string}\"},\"query-input\":{\"@type\":\"PropertyValueSpecification\",\"valueRequired\":true,\"valueName\":\"search_term_string\"}}],\"inLanguage\":\"es\"}]}<\/script>\n<!-- \/ Yoast SEO plugin. -->","yoast_head_json":{"title":"Destino - Travel Buddies Per\u00fa","robots":{"index":"index","follow":"follow","max-snippet":"max-snippet:-1","max-image-preview":"max-image-preview:large","max-video-preview":"max-video-preview:-1"},"canonical":"https:\/\/travelbuddiesperu.com\/es\/destino\/","og_locale":"es_ES","og_type":"article","og_title":"Destino - Travel Buddies Per\u00fa","og_description":"DESTINOS PER\u00da Cusco Ver Destino Machu Picchu Ver Destino Huacachina y Ballestas Ver Destino L\u00edneas de Nazca Ver Destino Lima Ver Destino Puerto Maldonado Ver Destino","og_url":"https:\/\/travelbuddiesperu.com\/es\/destino\/","og_site_name":"Travel Buddies Per\u00fa","article_modified_time":"2025-01-21T02:33:49+00:00","og_image":[{"width":2048,"height":1365,"url":"https:\/\/travelbuddiesperu.com\/wp-content\/uploads\/2025\/01\/Copia-de-TB-cusco24-89.webp","type":"image\/webp"}],"twitter_card":"summary_large_image","schema":{"@context":"https:\/\/schema.org","@graph":[{"@type":"WebPage","@id":"https:\/\/travelbuddiesperu.com\/es\/destino\/","url":"https:\/\/travelbuddiesperu.com\/es\/destino\/","name":"Destino - Travel Buddies Per\u00fa","isPartOf":{"@id":"https:\/\/travelbuddiesperu.com\/es\/#website"},"primaryImageOfPage":{"@id":"https:\/\/travelbuddiesperu.com\/es\/destino\/#primaryimage"},"image":{"@id":"https:\/\/travelbuddiesperu.com\/es\/destino\/#primaryimage"},"thumbnailUrl":"https:\/\/travelbuddiesperu.com\/wp-content\/uploads\/2025\/01\/Copia-de-TB-cusco24-89.webp","datePublished":"2019-03-12T17:03:15+00:00","dateModified":"2025-01-21T02:33:49+00:00","breadcrumb":{"@id":"https:\/\/travelbuddiesperu.com\/es\/destino\/#breadcrumb"},"inLanguage":"es","potentialAction":[{"@type":"ReadAction","target":["https:\/\/travelbuddiesperu.com\/es\/destino\/"]}]},{"@type":"ImageObject","inLanguage":"es","@id":"https:\/\/travelbuddiesperu.com\/es\/destino\/#primaryimage","url":"https:\/\/travelbuddiesperu.com\/wp-content\/uploads\/2025\/01\/Copia-de-TB-cusco24-89.webp","contentUrl":"https:\/\/travelbuddiesperu.com\/wp-content\/uploads\/2025\/01\/Copia-de-TB-cusco24-89.webp","width":2048,"height":1365},{"@type":"BreadcrumbList","@id":"https:\/\/travelbuddiesperu.com\/es\/destino\/#breadcrumb","itemListElement":[{"@type":"ListItem","position":1,"name":"Home","item":"https:\/\/travelbuddiesperu.com\/es\/"},{"@type":"ListItem","position":2,"name":"Destino"}]},{"@type":"WebSite","@id":"https:\/\/travelbuddiesperu.com\/es\/#website","url":"https:\/\/travelbuddiesperu.com\/es\/","name":"Travel Buddies Per\u00fa","description":"travelbuddiesperu.com","potentialAction":[{"@type":"SearchAction","target":{"@type":"EntryPoint","urlTemplate":"https:\/\/travelbuddiesperu.com\/es\/?s={search_term_string}"},"query-input":{"@type":"PropertyValueSpecification","valueRequired":true,"valueName":"search_term_string"}}],"inLanguage":"es"}]}},"_links":{"self":[{"href":"https:\/\/travelbuddiesperu.com\/es\/wp-json\/wp\/v2\/pages\/8645","targetHints":{"allow":["GET"]}}],"collection":[{"href":"https:\/\/travelbuddiesperu.com\/es\/wp-json\/wp\/v2\/pages"}],"about":[{"href":"https:\/\/travelbuddiesperu.com\/es\/wp-json\/wp\/v2\/types\/page"}],"author":[{"embeddable":true,"href":"https:\/\/travelbuddiesperu.com\/es\/wp-json\/wp\/v2\/users\/1"}],"replies":[{"embeddable":true,"href":"https:\/\/travelbuddiesperu.com\/es\/wp-json\/wp\/v2\/comments?post=8645"}],"version-history":[{"count":5,"href":"https:\/\/travelbuddiesperu.com\/es\/wp-json\/wp\/v2\/pages\/8645\/revisions"}],"predecessor-version":[{"id":10157,"href":"https:\/\/travelbuddiesperu.com\/es\/wp-json\/wp\/v2\/pages\/8645\/revisions\/10157"}],"wp:featuredmedia":[{"embeddable":true,"href":"https:\/\/travelbuddiesperu.com\/es\/wp-json\/wp\/v2\/media\/8442"}],"wp:attachment":[{"href":"https:\/\/travelbuddiesperu.com\/es\/wp-json\/wp\/v2\/media?parent=8645"}],"curies":[{"name":"wp","href":"https:\/\/api.w.org\/{rel}","templated":true}]}}